{"id":10,"date":"2011-08-26T20:08:57","date_gmt":"2011-08-26T20:08:57","guid":{"rendered":"http:\/\/www.grathwohl-online.de\/musikschule\/?page_id=10"},"modified":"2021-08-01T15:09:57","modified_gmt":"2021-08-01T15:09:57","slug":"sigrid-scholz-grathwohl","status":"publish","type":"page","link":"https:\/\/www.grathwohl-online.de\/?page_id=10","title":{"rendered":"Sigrid Scholz-Grathwohl"},"content":{"rendered":"<figure id=\"attachment_122\" aria-labelledby=\"figcaption_attachment_122\" class=\"wp-caption alignright\" style=\"width: 310px\"><img data-recalc-dims=\"1\" loading=\"lazy\" decoding=\"async\" class=\"size-medium wp-image-122\" title=\"Sigrid Orgel\" src=\"https:\/\/i0.wp.com\/www.grathwohl-online.de\/wp-content\/uploads\/2011\/08\/orgel_sigrid.jpg?resize=300%2C224\" alt=\"An der Orgel\" width=\"300\" height=\"224\" srcset=\"https:\/\/i0.wp.com\/www.grathwohl-online.de\/wp-content\/uploads\/2011\/08\/orgel_sigrid.jpg?resize=300%2C224&amp;ssl=1 300w, https:\/\/i0.wp.com\/www.grathwohl-online.de\/wp-content\/uploads\/2011\/08\/orgel_sigrid.jpg?w=448&amp;ssl=1 448w\" sizes=\"auto, (max-width: 300px) 100vw, 300px\" \/><figcaption id=\"figcaption_attachment_122\" class=\"wp-caption-text\">An der Orgel<\/figcaption><\/figure>\n<p>Mein musikalischer Werdegang:<\/p>\n<ul>\n<li><strong>Kirchenmusikalische Ausbildung<\/strong>\u00a0bei Prof. H. A. Metzger in Esslingen\/W\u00fcrttemberg, der einstigen\u00a0<strong>Hochschule f\u00fcr Kirchenmusik<\/strong><\/li>\n<\/ul>\n<ul>\n<li><strong>Musikp\u00e4dagogische Ausbildung<\/strong>\u00a0in Trossingen<\/li>\n<\/ul>\n<ul>\n<li>Aktive Mitwirkung als\u00a0<strong>Pianistin, Organistin und Cellistin<\/strong>\u00a0in einem Sinfonieorchester und in verschiedenen Ch\u00f6ren, bei Schallplattenaufnahmen, sowie bei Urauff\u00fchrungen und zahlreichen Konzerten.<\/li>\n<\/ul>\n<ul>\n<li>10-j\u00e4hrige Berufspraxis als<strong>\u00a0hauptamtliche Musiklehrerin<\/strong>\u00a0an einer der gr\u00f6\u00dften st\u00e4dtischen Musikschulen Baden-W\u00fcrttembergs und an einer st\u00e4dtischen Musikschule in Bayern<\/li>\n<\/ul>\n<ul>\n<li>\n<figure id=\"attachment_167\" aria-labelledby=\"figcaption_attachment_167\" class=\"wp-caption alignright\" style=\"width: 229px\"><img data-recalc-dims=\"1\" loading=\"lazy\" decoding=\"async\" class=\"size-medium wp-image-167\" title=\"40-j\u00e4hriges Jubil\u00e4um 1\" src=\"https:\/\/i0.wp.com\/www.grathwohl-online.de\/wp-content\/uploads\/2011\/08\/jubilaeum.jpg?resize=219%2C300\" alt=\"40-j\u00e4hriges Jubil\u00e4um\" width=\"219\" height=\"300\" srcset=\"https:\/\/i0.wp.com\/www.grathwohl-online.de\/wp-content\/uploads\/2011\/08\/jubilaeum.jpg?resize=219%2C300&amp;ssl=1 219w, https:\/\/i0.wp.com\/www.grathwohl-online.de\/wp-content\/uploads\/2011\/08\/jubilaeum.jpg?resize=748%2C1024&amp;ssl=1 748w, https:\/\/i0.wp.com\/www.grathwohl-online.de\/wp-content\/uploads\/2011\/08\/jubilaeum.jpg?w=770&amp;ssl=1 770w\" sizes=\"auto, (max-width: 219px) 100vw, 219px\" \/><figcaption id=\"figcaption_attachment_167\" class=\"wp-caption-text\">40-j\u00e4hriges Jubil\u00e4um<\/figcaption><\/figure>\n<p>Seit 1989\u00a0<strong>selbst\u00e4ndige Musiklehrerin<\/strong><\/p>\n<\/li>\n<\/ul>\n<ul>\n<li>Seit 1968 als\u00a0<strong>Kirchen-Organistin<\/strong>\u00a0t\u00e4tig<\/li>\n<\/ul>\n<ul>\n<li>November 2001 bis April 2009:\u00a0<strong>Organistin &amp; Chorleiterin<\/strong>\u00a0an der Kirche\u00a0&#8222;Maria K\u00f6nigin des Himmels &amp; der Erden&#8220; in Gerlenhofen.<\/li>\n<\/ul>\n<ul>\n<li>Oktober 2003 bis Juni 2006:\u00a0<strong>Chorleiterin des M\u00e4nnergesangvereins<\/strong>\u00a0&#8222;Liederkranz&#8220; in Gerlenhofen<\/li>\n<\/ul>\n<ul>\n<li>M\u00e4rz 2004:\u00a0<strong>Organisation des Dekanatskirchenmusiktages<\/strong>, erstmalig in Neu-Ulm\/Gerlenhofen<\/li>\n<\/ul>\n<ul>\n<li>Oktober 2008:\u00a0<strong>40-j\u00e4hriges Jubil\u00e4um<\/strong>\u00a0als Kirchenmusikerin im kirchenmusikalischen Dienst<\/li>\n<\/ul>\n<ul>\n<li>Juni 2009: Gr\u00fcndung des gemischten Chors &#8222;<strong><a title=\"Illerchoralle\" href=\"http:\/\/www.grathwohl-online.de\/?page_id=30\">Illerchoralle<\/a><\/strong>&#8222;<\/li>\n<\/ul>\n<ul>\n<li>April 2013 bis Dezember 2018: <strong>Erste Vorsitzende des Orgelf\u00f6rdervereins der Pauluskirche Ulm e.V.<\/strong><\/li>\n<\/ul>\n<ul>\n<li>Seit 2009<strong> Organistin <\/strong>zeitweise\u00a0<strong><span style=\"font-weight: normal;\">in Vertretung des <\/span><\/strong>Bezirkskantors an der Pauluskirche in Ulm.<br \/><br \/><\/li>\n<li>Oktober 2018: <strong>50-j\u00e4hriges Jubil\u00e4um<\/strong> als Kirchenmusikerin im<br \/>kirchenmusikalischen Dienst<\/li>\n<\/ul>\n<p>\u00a0<\/p>\n\n\n<p><\/p>\n","protected":false},"excerpt":{"rendered":"<p>Mein musikalischer Werdegang: Kirchenmusikalische Ausbildung\u00a0bei Prof. H. A. Metzger in Esslingen\/W\u00fcrttemberg, der einstigen\u00a0Hochschule f\u00fcr Kirchenmusik Musikp\u00e4dagogische Ausbildung\u00a0in Trossingen Aktive Mitwirkung als\u00a0Pianistin, Organistin und Cellistin\u00a0in einem Sinfonieorchester und in verschiedenen Ch\u00f6ren, bei Schallplattenaufnahmen, sowie bei Urauff\u00fchrungen und zahlreichen Konzerten. 10-j\u00e4hrige Berufspraxis &hellip; <a href=\"https:\/\/www.grathwohl-online.de\/?page_id=10\">Lesen fortsetzen <span class=\"meta-nav\">&rarr;<\/span><\/a><\/p>\n","protected":false},"author":1,"featured_media":0,"parent":0,"menu_order":2,"comment_status":"closed","ping_status":"closed","template":"","meta":{"om_disable_all_campaigns":false,"_monsterinsights_skip_tracking":false,"_monsterinsights_sitenote_active":false,"_monsterinsights_sitenote_note":"","_monsterinsights_sitenote_category":0,"jetpack_post_was_ever_published":false,"footnotes":""},"class_list":["post-10","page","type-page","status-publish","hentry"],"aioseo_notices":[],"jetpack_sharing_enabled":true,"jetpack_shortlink":"https:\/\/wp.me\/P6bwsC-a","_links":{"self":[{"href":"https:\/\/www.grathwohl-online.de\/index.php?rest_route=\/wp\/v2\/pages\/10","targetHints":{"allow":["GET"]}}],"collection":[{"href":"https:\/\/www.grathwohl-online.de\/index.php?rest_route=\/wp\/v2\/pages"}],"about":[{"href":"https:\/\/www.grathwohl-online.de\/index.php?rest_route=\/wp\/v2\/types\/page"}],"author":[{"embeddable":true,"href":"https:\/\/www.grathwohl-online.de\/index.php?rest_route=\/wp\/v2\/users\/1"}],"replies":[{"embeddable":true,"href":"https:\/\/www.grathwohl-online.de\/index.php?rest_route=%2Fwp%2Fv2%2Fcomments&post=10"}],"version-history":[{"count":22,"href":"https:\/\/www.grathwohl-online.de\/index.php?rest_route=\/wp\/v2\/pages\/10\/revisions"}],"predecessor-version":[{"id":408,"href":"https:\/\/www.grathwohl-online.de\/index.php?rest_route=\/wp\/v2\/pages\/10\/revisions\/408"}],"wp:attachment":[{"href":"https:\/\/www.grathwohl-online.de\/index.php?rest_route=%2Fwp%2Fv2%2Fmedia&parent=10"}],"curies":[{"name":"wp","href":"https:\/\/api.w.org\/{rel}","templated":true}]}}