{"id":27,"date":"2011-08-26T20:15:30","date_gmt":"2011-08-26T20:15:30","guid":{"rendered":"http:\/\/www.grathwohl-online.de\/musikschule\/?page_id=27"},"modified":"2020-04-09T15:26:52","modified_gmt":"2020-04-09T15:26:52","slug":"konzerte-und-veranstaltungen","status":"publish","type":"page","link":"https:\/\/www.grathwohl-online.de\/?page_id=27","title":{"rendered":"Presseberichte"},"content":{"rendered":"<p>Hier finden Sie Presseberichte \u00fcber meine Veranstaltungen und Konzerte:<\/p>\n<p><strong>Ehrungen zum 50.-j\u00e4hrigen Jubil\u00e4um im kirchenmusikalischen Dienst<\/strong><\/p>\n<p><a href=\"http:\/\/www.grathwohl-online.de\/wp-content\/uploads\/2019\/03\/Paulusgemeindebrief-12-18-01-19.pdf\" target=\"_blank\" rel=\"noopener noreferrer\">Paulusgemeinde Ulm, Gemeindebrief 12-2018 \/ 01-2019<\/a><\/p>\n<p><a href=\"https:\/\/www.swp.de\/suedwesten\/staedte\/neu-ulm\/kirchenmusikerin-mit-leib-und-seele-28440580.html\">SWP vom 28.11.2018<\/a><\/p>\n<p>Augsburger Allgemeine vom 06.11.2018 <a href=\"http:\/\/www.grathwohl-online.de\/wp-content\/uploads\/2020\/04\/20181106_Jubil\u00e4um.pdf\" target=\"_blank\" rel=\"noopener noreferrer\">(Original-Artikel zum Jubil\u00e4um als PDF)<\/a><\/p>\n<p><strong>Serenadenkonzert vom 10. Juni 2018<\/strong><\/p>\n<figure id=\"attachment_368\" aria-labelledby=\"figcaption_attachment_368\" class=\"wp-caption alignnone\" style=\"width: 160px\"><a href=\"https:\/\/i0.wp.com\/www.grathwohl-online.de\/wp-content\/uploads\/2018\/06\/2018-06-10-Serenadenkonzert-e1529827672634.jpg\"><img data-recalc-dims=\"1\" loading=\"lazy\" decoding=\"async\" class=\"wp-image-368 size-thumbnail\" src=\"https:\/\/i0.wp.com\/www.grathwohl-online.de\/wp-content\/uploads\/2018\/06\/2018-06-10-Serenadenkonzert-e1529827672634-150x150.jpg?resize=150%2C150\" alt=\"2018-06-10 Serenadenkonzert\" width=\"150\" height=\"150\" srcset=\"https:\/\/i0.wp.com\/www.grathwohl-online.de\/wp-content\/uploads\/2018\/06\/2018-06-10-Serenadenkonzert-e1529827672634.jpg?resize=150%2C150&amp;ssl=1 150w, https:\/\/i0.wp.com\/www.grathwohl-online.de\/wp-content\/uploads\/2018\/06\/2018-06-10-Serenadenkonzert-e1529827672634.jpg?zoom=2&amp;resize=150%2C150 300w, https:\/\/i0.wp.com\/www.grathwohl-online.de\/wp-content\/uploads\/2018\/06\/2018-06-10-Serenadenkonzert-e1529827672634.jpg?zoom=3&amp;resize=150%2C150 450w\" sizes=\"auto, (max-width: 150px) 100vw, 150px\" \/><\/a><figcaption id=\"figcaption_attachment_368\" class=\"wp-caption-text\">Serenadenkonzert vom 10. Juni 2018<\/figcaption><\/figure>\n<p><strong>Interview von Sigrid Scholz-Grathwohl mit Illerchoralle vom Ulmer Weihnachtsmarkt im ZDF MorgenMagazin vom 12.12.2016<\/strong><\/p>\n<blockquote class=\"twitter-video\" data-lang=\"de\">\n<p dir=\"ltr\" lang=\"de\">Unser <a href=\"https:\/\/twitter.com\/hashtag\/Adventskalender?src=hash\">#Adventskalender<\/a> \u00f6ffnet das 12. T\u00fcrchen. Aktuell liegt die <a href=\"https:\/\/twitter.com\/hashtag\/Schneefallgrenze?src=hash\">#Schneefallgrenze<\/a> bei ca. 800 Metern, in <a href=\"https:\/\/twitter.com\/hashtag\/Ulm?src=hash\">#Ulm<\/a> wird&#8217;s musikalisch wei\u00df: <a href=\"https:\/\/t.co\/ZWFd16OOqA\">pic.twitter.com\/ZWFd16OOqA<\/a><\/p>\n<p>\u2014 ZDF Morgenmagazin (@morgenmagazin) <a href=\"https:\/\/twitter.com\/morgenmagazin\/status\/808347289081311232\">12. Dezember 2016<\/a><\/p><\/blockquote>\n<p><script src=\"\/\/platform.twitter.com\/widgets.js\" async=\"\" charset=\"utf-8\"><\/script><\/p>\n<p><strong>Serenadenkonzert vom 3. Juli 2016<\/strong><\/p>\n<figure id=\"attachment_330\" aria-labelledby=\"figcaption_attachment_330\" class=\"wp-caption alignnone\" style=\"width: 160px\"><a href=\"https:\/\/i0.wp.com\/www.grathwohl-online.de\/wp-content\/uploads\/2011\/08\/20160703_Serenadenkonzert.jpg\" rel=\"attachment wp-att-330\"><img data-recalc-dims=\"1\" loading=\"lazy\" decoding=\"async\" class=\"wp-image-330 size-thumbnail\" src=\"https:\/\/i0.wp.com\/www.grathwohl-online.de\/wp-content\/uploads\/2011\/08\/20160703_Serenadenkonzert.jpg?resize=150%2C150\" alt=\"Serenadenkonzert vom 3. Juli 2016\" width=\"150\" height=\"150\" srcset=\"https:\/\/i0.wp.com\/www.grathwohl-online.de\/wp-content\/uploads\/2011\/08\/20160703_Serenadenkonzert.jpg?resize=150%2C150&amp;ssl=1 150w, https:\/\/i0.wp.com\/www.grathwohl-online.de\/wp-content\/uploads\/2011\/08\/20160703_Serenadenkonzert.jpg?zoom=2&amp;resize=150%2C150 300w, https:\/\/i0.wp.com\/www.grathwohl-online.de\/wp-content\/uploads\/2011\/08\/20160703_Serenadenkonzert.jpg?zoom=3&amp;resize=150%2C150 450w\" sizes=\"auto, (max-width: 150px) 100vw, 150px\" \/><\/a><figcaption id=\"figcaption_attachment_330\" class=\"wp-caption-text\">Serenadenkonzert vom \u00a03. Juli 2016<\/figcaption><\/figure>\n<p><strong>Serenadenkonzert vom 28. Juni 2015<\/strong><\/p>\n<figure id=\"attachment_319\" aria-labelledby=\"figcaption_attachment_319\" class=\"wp-caption alignnone\" style=\"width: 160px\"><a href=\"https:\/\/i0.wp.com\/www.grathwohl-online.de\/wp-content\/uploads\/2011\/08\/NUZ2.7.2015.jpg\"><img data-recalc-dims=\"1\" loading=\"lazy\" decoding=\"async\" class=\"wp-image-319 size-thumbnail\" src=\"https:\/\/i0.wp.com\/www.grathwohl-online.de\/wp-content\/uploads\/2011\/08\/NUZ2.7.2015.jpg?resize=150%2C150\" alt=\"\" width=\"150\" height=\"150\" srcset=\"https:\/\/i0.wp.com\/www.grathwohl-online.de\/wp-content\/uploads\/2011\/08\/NUZ2.7.2015.jpg?resize=150%2C150&amp;ssl=1 150w, https:\/\/i0.wp.com\/www.grathwohl-online.de\/wp-content\/uploads\/2011\/08\/NUZ2.7.2015.jpg?zoom=2&amp;resize=150%2C150 300w, https:\/\/i0.wp.com\/www.grathwohl-online.de\/wp-content\/uploads\/2011\/08\/NUZ2.7.2015.jpg?zoom=3&amp;resize=150%2C150 450w\" sizes=\"auto, (max-width: 150px) 100vw, 150px\" \/><\/a><figcaption id=\"figcaption_attachment_319\" class=\"wp-caption-text\">Serenadenkonzert vom 28. Juni 2015<\/figcaption><\/figure>\n<p><strong>Orgelmatin\u00e9e in der Ulmer Pauluskirche vom 7. Dezember 2014<\/strong><\/p>\n<p><a href=\"http:\/\/www.grathwohl-online.de\/wp-content\/uploads\/2011\/08\/20141207_Matin\u00e9e.pdf\">Download Plakat 1<\/a><\/p>\n<p><a href=\"http:\/\/www.grathwohl-online.de\/wp-content\/uploads\/2011\/08\/20141207_Matin%C3%A9e2.pdf\" target=\"_blank\" rel=\"noopener noreferrer\">Download Plakat 2<\/a><\/p>\n<p><strong>Serenadenkonzert vom 27. Juli 2014<\/strong><\/p>\n<p><a href=\"http:\/\/www.grathwohl-online.de\/wp-content\/uploads\/2011\/08\/Serenadenkonzertprogr-27.07.-2014.pdf\" target=\"_blank\" rel=\"noopener noreferrer\">Download<\/a> des Programmheftes<\/p>\n<p>Link zum Bericht der Neu-Ulmer Zeitung (<a href=\"http:\/\/www.grathwohl-online.de\/wp-content\/uploads\/2020\/04\/20140730_Gelungene-Mischung.pdf\">Original-Artikel aus der NUZ<\/a>)<\/p>\n<p><strong>Glacis-Konzert vom 1. Juni 2014<\/strong><\/p>\n<p><a href=\"http:\/\/www.grathwohl-online.de\/wp-content\/uploads\/2011\/08\/20140602_Glacis.pdf\" target=\"_blank\" rel=\"noopener noreferrer\">Download<\/a>\u00a0des Berichts der Neu-Ulmer Zeitung<\/p>\n<p><strong>Festliches Weihnachtskonzert vom 26<\/strong><strong>. Dezember 2010<\/strong><\/p>\n<p><a title=\"Programm Weihnachtskonzert 2010\" href=\"http:\/\/www.grathwohl-online.de\/wp-content\/uploads\/2011\/08\/weihnachten2010.pdf\" target=\"_blank\" rel=\"noopener noreferrer\">Download<\/a>\u00a0des Programmheftes<\/p>\n<figure id=\"attachment_141\" aria-labelledby=\"figcaption_attachment_141\" class=\"wp-caption alignnone\" style=\"width: 160px\"><a href=\"https:\/\/i0.wp.com\/www.grathwohl-online.de\/wp-content\/uploads\/2011\/08\/20101226_1.jpg\"><img data-recalc-dims=\"1\" loading=\"lazy\" decoding=\"async\" class=\"size-thumbnail wp-image-141\" title=\"Weihnachtskonzert vom 26.12.2010\" src=\"https:\/\/i0.wp.com\/www.grathwohl-online.de\/wp-content\/uploads\/2011\/08\/20101226_1.jpg?resize=150%2C150\" alt=\"Weihnachtskonzert vom 26.12.2010\" width=\"150\" height=\"150\" srcset=\"https:\/\/i0.wp.com\/www.grathwohl-online.de\/wp-content\/uploads\/2011\/08\/20101226_1.jpg?resize=150%2C150&amp;ssl=1 150w, https:\/\/i0.wp.com\/www.grathwohl-online.de\/wp-content\/uploads\/2011\/08\/20101226_1.jpg?zoom=2&amp;resize=150%2C150 300w, https:\/\/i0.wp.com\/www.grathwohl-online.de\/wp-content\/uploads\/2011\/08\/20101226_1.jpg?zoom=3&amp;resize=150%2C150 450w\" sizes=\"auto, (max-width: 150px) 100vw, 150px\" \/><\/a><figcaption id=\"figcaption_attachment_141\" class=\"wp-caption-text\">Weihnachtskonzert vom 26.12.2010<\/figcaption><\/figure>\n<figure id=\"attachment_142\" aria-labelledby=\"figcaption_attachment_142\" class=\"wp-caption alignnone\" style=\"width: 160px\"><a href=\"https:\/\/i0.wp.com\/www.grathwohl-online.de\/wp-content\/uploads\/2011\/08\/20101226_2.jpg\"><img data-recalc-dims=\"1\" loading=\"lazy\" decoding=\"async\" class=\"size-thumbnail wp-image-142\" title=\"Weihnachtskonzert vom 26.12.2010 (2)\" src=\"https:\/\/i0.wp.com\/www.grathwohl-online.de\/wp-content\/uploads\/2011\/08\/20101226_2.jpg?resize=150%2C150\" alt=\"Weihnachtskonzert vom 26.12.2010\" width=\"150\" height=\"150\" srcset=\"https:\/\/i0.wp.com\/www.grathwohl-online.de\/wp-content\/uploads\/2011\/08\/20101226_2.jpg?resize=150%2C150&amp;ssl=1 150w, https:\/\/i0.wp.com\/www.grathwohl-online.de\/wp-content\/uploads\/2011\/08\/20101226_2.jpg?zoom=2&amp;resize=150%2C150 300w, https:\/\/i0.wp.com\/www.grathwohl-online.de\/wp-content\/uploads\/2011\/08\/20101226_2.jpg?zoom=3&amp;resize=150%2C150 450w\" sizes=\"auto, (max-width: 150px) 100vw, 150px\" \/><\/a><figcaption id=\"figcaption_attachment_142\" class=\"wp-caption-text\">Weihnachtskonzert vom 26.12.2010<\/figcaption><\/figure>\n<p><strong>Passionsmusik vom 29. M\u00e4rz 2009<\/strong><\/p>\n<p><a title=\"Programm Passionsmusik 2009\" href=\"http:\/\/www.grathwohl-online.de\/wp-content\/uploads\/2011\/08\/Passionsmusik.pdf\" target=\"_blank\" rel=\"noopener noreferrer\">Download<\/a>\u00a0des Programmheftes<\/p>\n<figure id=\"attachment_145\" aria-labelledby=\"figcaption_attachment_145\" class=\"wp-caption alignnone\" style=\"width: 160px\"><a href=\"https:\/\/i0.wp.com\/www.grathwohl-online.de\/wp-content\/uploads\/2011\/08\/20090407.jpg\"><img data-recalc-dims=\"1\" loading=\"lazy\" decoding=\"async\" class=\"size-thumbnail wp-image-145\" title=\"Passionsmusik 2009\" src=\"https:\/\/i0.wp.com\/www.grathwohl-online.de\/wp-content\/uploads\/2011\/08\/20090407.jpg?resize=150%2C150\" alt=\"Passionsmusik 2009\" width=\"150\" height=\"150\" srcset=\"https:\/\/i0.wp.com\/www.grathwohl-online.de\/wp-content\/uploads\/2011\/08\/20090407.jpg?resize=150%2C150&amp;ssl=1 150w, https:\/\/i0.wp.com\/www.grathwohl-online.de\/wp-content\/uploads\/2011\/08\/20090407.jpg?zoom=2&amp;resize=150%2C150 300w, https:\/\/i0.wp.com\/www.grathwohl-online.de\/wp-content\/uploads\/2011\/08\/20090407.jpg?zoom=3&amp;resize=150%2C150 450w\" sizes=\"auto, (max-width: 150px) 100vw, 150px\" \/><\/a><figcaption id=\"figcaption_attachment_145\" class=\"wp-caption-text\">Passionsmusik 2009<\/figcaption><\/figure>\n<p><strong>40-j\u00e4hriges Jubil\u00e4um als Kirchenmusikerin\u00a0<\/strong><\/p>\n<figure id=\"attachment_167\" aria-labelledby=\"figcaption_attachment_167\" class=\"wp-caption alignnone\" style=\"width: 160px\"><a href=\"https:\/\/i0.wp.com\/www.grathwohl-online.de\/wp-content\/uploads\/2011\/08\/jubilaeum.jpg\"><img data-recalc-dims=\"1\" loading=\"lazy\" decoding=\"async\" class=\"size-thumbnail wp-image-167\" title=\"40-j\u00e4hriges Jubil\u00e4um 1\" src=\"https:\/\/i0.wp.com\/www.grathwohl-online.de\/wp-content\/uploads\/2011\/08\/jubilaeum.jpg?resize=150%2C150\" alt=\"40-j\u00e4hriges Jubil\u00e4um\" width=\"150\" height=\"150\" srcset=\"https:\/\/i0.wp.com\/www.grathwohl-online.de\/wp-content\/uploads\/2011\/08\/jubilaeum.jpg?resize=150%2C150&amp;ssl=1 150w, https:\/\/i0.wp.com\/www.grathwohl-online.de\/wp-content\/uploads\/2011\/08\/jubilaeum.jpg?zoom=2&amp;resize=150%2C150 300w, https:\/\/i0.wp.com\/www.grathwohl-online.de\/wp-content\/uploads\/2011\/08\/jubilaeum.jpg?zoom=3&amp;resize=150%2C150 450w\" sizes=\"auto, (max-width: 150px) 100vw, 150px\" \/><\/a><figcaption id=\"figcaption_attachment_167\" class=\"wp-caption-text\">40-j\u00e4hriges Jubil\u00e4um<\/figcaption><\/figure>\n<figure id=\"attachment_168\" aria-labelledby=\"figcaption_attachment_168\" class=\"wp-caption alignnone\" style=\"width: 160px\"><a href=\"https:\/\/i0.wp.com\/www.grathwohl-online.de\/wp-content\/uploads\/2011\/08\/jubilaeum2.jpg\"><img data-recalc-dims=\"1\" loading=\"lazy\" decoding=\"async\" class=\"size-thumbnail wp-image-168\" title=\"40-j\u00e4hriges Jubil\u00e4um 2\" src=\"https:\/\/i0.wp.com\/www.grathwohl-online.de\/wp-content\/uploads\/2011\/08\/jubilaeum2.jpg?resize=150%2C150\" alt=\"40-j\u00e4hriges Jubil\u00e4um\" width=\"150\" height=\"150\" srcset=\"https:\/\/i0.wp.com\/www.grathwohl-online.de\/wp-content\/uploads\/2011\/08\/jubilaeum2.jpg?resize=150%2C150&amp;ssl=1 150w, https:\/\/i0.wp.com\/www.grathwohl-online.de\/wp-content\/uploads\/2011\/08\/jubilaeum2.jpg?zoom=2&amp;resize=150%2C150 300w, https:\/\/i0.wp.com\/www.grathwohl-online.de\/wp-content\/uploads\/2011\/08\/jubilaeum2.jpg?zoom=3&amp;resize=150%2C150 450w\" sizes=\"auto, (max-width: 150px) 100vw, 150px\" \/><\/a><figcaption id=\"figcaption_attachment_168\" class=\"wp-caption-text\">40-j\u00e4hriges Jubil\u00e4um<\/figcaption><\/figure>\n<p><strong>Weihnachtskonzert vom 30. Dezember 2007<\/strong><\/p>\n<p>Konzert zugunsten der Renovierung der St. Wolfgangs-Kapelle in Gerlenhofen<\/p>\n<figure id=\"attachment_147\" aria-labelledby=\"figcaption_attachment_147\" class=\"wp-caption alignnone\" style=\"width: 160px\"><a href=\"https:\/\/i0.wp.com\/www.grathwohl-online.de\/wp-content\/uploads\/2011\/08\/20070211_1.jpg\"><img data-recalc-dims=\"1\" loading=\"lazy\" decoding=\"async\" class=\"size-thumbnail wp-image-147\" title=\"Weihnachtskonzert 2007 (1)\" src=\"https:\/\/i0.wp.com\/www.grathwohl-online.de\/wp-content\/uploads\/2011\/08\/20070211_1.jpg?resize=150%2C150\" alt=\"Weihnachtskonzert 2007\" width=\"150\" height=\"150\" srcset=\"https:\/\/i0.wp.com\/www.grathwohl-online.de\/wp-content\/uploads\/2011\/08\/20070211_1.jpg?resize=150%2C150&amp;ssl=1 150w, https:\/\/i0.wp.com\/www.grathwohl-online.de\/wp-content\/uploads\/2011\/08\/20070211_1.jpg?zoom=2&amp;resize=150%2C150 300w, https:\/\/i0.wp.com\/www.grathwohl-online.de\/wp-content\/uploads\/2011\/08\/20070211_1.jpg?zoom=3&amp;resize=150%2C150 450w\" sizes=\"auto, (max-width: 150px) 100vw, 150px\" \/><\/a><figcaption id=\"figcaption_attachment_147\" class=\"wp-caption-text\">Weihnachtskonzert 2007<\/figcaption><\/figure>\n<figure id=\"attachment_149\" aria-labelledby=\"figcaption_attachment_149\" class=\"wp-caption alignnone\" style=\"width: 160px\"><a href=\"https:\/\/i0.wp.com\/www.grathwohl-online.de\/wp-content\/uploads\/2011\/08\/20071230_1.jpg\"><img data-recalc-dims=\"1\" loading=\"lazy\" decoding=\"async\" class=\"size-thumbnail wp-image-149\" title=\"Weihnachtskonzert 2007 (2)\" src=\"https:\/\/i0.wp.com\/www.grathwohl-online.de\/wp-content\/uploads\/2011\/08\/20071230_1.jpg?resize=150%2C150\" alt=\"Weihnachtskonzert 2007\" width=\"150\" height=\"150\" srcset=\"https:\/\/i0.wp.com\/www.grathwohl-online.de\/wp-content\/uploads\/2011\/08\/20071230_1.jpg?resize=150%2C150&amp;ssl=1 150w, https:\/\/i0.wp.com\/www.grathwohl-online.de\/wp-content\/uploads\/2011\/08\/20071230_1.jpg?zoom=2&amp;resize=150%2C150 300w, https:\/\/i0.wp.com\/www.grathwohl-online.de\/wp-content\/uploads\/2011\/08\/20071230_1.jpg?zoom=3&amp;resize=150%2C150 450w\" sizes=\"auto, (max-width: 150px) 100vw, 150px\" \/><\/a><figcaption id=\"figcaption_attachment_149\" class=\"wp-caption-text\">Weihnachtskonzert 2007<\/figcaption><\/figure>\n<p><strong>Benefizkonzert vom 11. Februar 2007<\/strong><\/p>\n<p>Konzert in der evangelischen Auferstehungskirche in Senden\/Iller<\/p>\n<figure id=\"attachment_148\" aria-labelledby=\"figcaption_attachment_148\" class=\"wp-caption alignnone\" style=\"width: 160px\"><a href=\"https:\/\/i0.wp.com\/www.grathwohl-online.de\/wp-content\/uploads\/2011\/08\/20070211_2.jpg\"><img data-recalc-dims=\"1\" loading=\"lazy\" decoding=\"async\" class=\"size-thumbnail wp-image-148 \" title=\"Benefizkonzert 2007 (1)\" src=\"https:\/\/i0.wp.com\/www.grathwohl-online.de\/wp-content\/uploads\/2011\/08\/20070211_2.jpg?resize=150%2C150\" alt=\"Benefizkonzert 2007\" width=\"150\" height=\"150\" srcset=\"https:\/\/i0.wp.com\/www.grathwohl-online.de\/wp-content\/uploads\/2011\/08\/20070211_2.jpg?resize=150%2C150&amp;ssl=1 150w, https:\/\/i0.wp.com\/www.grathwohl-online.de\/wp-content\/uploads\/2011\/08\/20070211_2.jpg?zoom=2&amp;resize=150%2C150 300w, https:\/\/i0.wp.com\/www.grathwohl-online.de\/wp-content\/uploads\/2011\/08\/20070211_2.jpg?zoom=3&amp;resize=150%2C150 450w\" sizes=\"auto, (max-width: 150px) 100vw, 150px\" \/><\/a><figcaption id=\"figcaption_attachment_148\" class=\"wp-caption-text\">Benefizkonzert 2007<\/figcaption><\/figure>\n<figure id=\"attachment_150\" aria-labelledby=\"figcaption_attachment_150\" class=\"wp-caption alignnone\" style=\"width: 160px\"><a href=\"https:\/\/i0.wp.com\/www.grathwohl-online.de\/wp-content\/uploads\/2011\/08\/20070211_11.jpg\"><img data-recalc-dims=\"1\" loading=\"lazy\" decoding=\"async\" class=\"size-thumbnail wp-image-150\" title=\"Benefizkonzert 2007 (2)\" src=\"https:\/\/i0.wp.com\/www.grathwohl-online.de\/wp-content\/uploads\/2011\/08\/20070211_11.jpg?resize=150%2C150\" alt=\"Benefizkonzert 2007\" width=\"150\" height=\"150\" srcset=\"https:\/\/i0.wp.com\/www.grathwohl-online.de\/wp-content\/uploads\/2011\/08\/20070211_11.jpg?resize=150%2C150&amp;ssl=1 150w, https:\/\/i0.wp.com\/www.grathwohl-online.de\/wp-content\/uploads\/2011\/08\/20070211_11.jpg?zoom=2&amp;resize=150%2C150 300w, https:\/\/i0.wp.com\/www.grathwohl-online.de\/wp-content\/uploads\/2011\/08\/20070211_11.jpg?zoom=3&amp;resize=150%2C150 450w\" sizes=\"auto, (max-width: 150px) 100vw, 150px\" \/><\/a><figcaption id=\"figcaption_attachment_150\" class=\"wp-caption-text\">Benefizkonzert 2007<\/figcaption><\/figure>\n<p><strong>Benefizkonzert vom 29. Januar 2006<\/strong><\/p>\n<figure id=\"attachment_151\" aria-labelledby=\"figcaption_attachment_151\" class=\"wp-caption alignnone\" style=\"width: 160px\"><a href=\"https:\/\/i0.wp.com\/www.grathwohl-online.de\/wp-content\/uploads\/2011\/08\/20060129.jpg\"><img data-recalc-dims=\"1\" loading=\"lazy\" decoding=\"async\" class=\"size-thumbnail wp-image-151\" title=\"Benefizkonzert 2006\" src=\"https:\/\/i0.wp.com\/www.grathwohl-online.de\/wp-content\/uploads\/2011\/08\/20060129.jpg?resize=150%2C150\" alt=\"Benefizkonzert 2006\" width=\"150\" height=\"150\" srcset=\"https:\/\/i0.wp.com\/www.grathwohl-online.de\/wp-content\/uploads\/2011\/08\/20060129.jpg?resize=150%2C150&amp;ssl=1 150w, https:\/\/i0.wp.com\/www.grathwohl-online.de\/wp-content\/uploads\/2011\/08\/20060129.jpg?zoom=2&amp;resize=150%2C150 300w, https:\/\/i0.wp.com\/www.grathwohl-online.de\/wp-content\/uploads\/2011\/08\/20060129.jpg?zoom=3&amp;resize=150%2C150 450w\" sizes=\"auto, (max-width: 150px) 100vw, 150px\" \/><\/a><figcaption id=\"figcaption_attachment_151\" class=\"wp-caption-text\">Benefizkonzert 2006<\/figcaption><\/figure>\n<p><strong>Fr\u00fchjahrskonzert des M\u00e4nnergesangvereins vom 7. Mai 2005<\/strong><\/p>\n<figure id=\"attachment_152\" aria-labelledby=\"figcaption_attachment_152\" class=\"wp-caption alignnone\" style=\"width: 160px\"><a href=\"https:\/\/i0.wp.com\/www.grathwohl-online.de\/wp-content\/uploads\/2011\/08\/20050507.jpg\"><img data-recalc-dims=\"1\" loading=\"lazy\" decoding=\"async\" class=\"size-thumbnail wp-image-152\" title=\"Fr\u00fchjahrskonzert 2005\" src=\"https:\/\/i0.wp.com\/www.grathwohl-online.de\/wp-content\/uploads\/2011\/08\/20050507.jpg?resize=150%2C150\" alt=\"Fr\u00fchjahrskonzert 2005\" width=\"150\" height=\"150\" srcset=\"https:\/\/i0.wp.com\/www.grathwohl-online.de\/wp-content\/uploads\/2011\/08\/20050507.jpg?resize=150%2C150&amp;ssl=1 150w, https:\/\/i0.wp.com\/www.grathwohl-online.de\/wp-content\/uploads\/2011\/08\/20050507.jpg?zoom=2&amp;resize=150%2C150 300w, https:\/\/i0.wp.com\/www.grathwohl-online.de\/wp-content\/uploads\/2011\/08\/20050507.jpg?zoom=3&amp;resize=150%2C150 450w\" sizes=\"auto, (max-width: 150px) 100vw, 150px\" \/><\/a><figcaption id=\"figcaption_attachment_152\" class=\"wp-caption-text\">Fr\u00fchjahrskonzert 2005<\/figcaption><\/figure>\n<p><strong>Benefizkonzert vom 28. Dezember 2003<\/strong><\/p>\n<figure id=\"attachment_153\" aria-labelledby=\"figcaption_attachment_153\" class=\"wp-caption alignnone\" style=\"width: 160px\"><a href=\"https:\/\/i0.wp.com\/www.grathwohl-online.de\/wp-content\/uploads\/2011\/08\/20031228.jpg\"><img data-recalc-dims=\"1\" loading=\"lazy\" decoding=\"async\" class=\"size-thumbnail wp-image-153\" title=\"Benefizkonzert 2003\" src=\"https:\/\/i0.wp.com\/www.grathwohl-online.de\/wp-content\/uploads\/2011\/08\/20031228.jpg?resize=150%2C150\" alt=\"Benefizkonzert 2003\" width=\"150\" height=\"150\" srcset=\"https:\/\/i0.wp.com\/www.grathwohl-online.de\/wp-content\/uploads\/2011\/08\/20031228.jpg?resize=150%2C150&amp;ssl=1 150w, https:\/\/i0.wp.com\/www.grathwohl-online.de\/wp-content\/uploads\/2011\/08\/20031228.jpg?zoom=2&amp;resize=150%2C150 300w, https:\/\/i0.wp.com\/www.grathwohl-online.de\/wp-content\/uploads\/2011\/08\/20031228.jpg?zoom=3&amp;resize=150%2C150 450w\" sizes=\"auto, (max-width: 150px) 100vw, 150px\" \/><\/a><figcaption id=\"figcaption_attachment_153\" class=\"wp-caption-text\">Benefizkonzert 2003<\/figcaption><\/figure>\n","protected":false},"excerpt":{"rendered":"<p>Hier finden Sie Presseberichte \u00fcber meine Veranstaltungen und Konzerte: Ehrungen zum 50.-j\u00e4hrigen Jubil\u00e4um im kirchenmusikalischen Dienst Paulusgemeinde Ulm, Gemeindebrief 12-2018 \/ 01-2019 SWP vom 28.11.2018 Augsburger Allgemeine vom 06.11.2018 (Original-Artikel zum Jubil\u00e4um als PDF) Serenadenkonzert vom 10. Juni 2018 Interview &hellip; <a href=\"https:\/\/www.grathwohl-online.de\/?page_id=27\">Lesen fortsetzen <span class=\"meta-nav\">&rarr;<\/span><\/a><\/p>\n","protected":false},"author":1,"featured_media":0,"parent":10,"menu_order":0,"comment_status":"closed","ping_status":"closed","template":"","meta":{"om_disable_all_campaigns":false,"_monsterinsights_skip_tracking":false,"_monsterinsights_sitenote_active":false,"_monsterinsights_sitenote_note":"","_monsterinsights_sitenote_category":0,"footnotes":""},"class_list":["post-27","page","type-page","status-publish","hentry"],"aioseo_notices":[],"jetpack_sharing_enabled":true,"jetpack_shortlink":"https:\/\/wp.me\/P6bwsC-r","_links":{"self":[{"href":"https:\/\/www.grathwohl-online.de\/index.php?rest_route=\/wp\/v2\/pages\/27","targetHints":{"allow":["GET"]}}],"collection":[{"href":"https:\/\/www.grathwohl-online.de\/index.php?rest_route=\/wp\/v2\/pages"}],"about":[{"href":"https:\/\/www.grathwohl-online.de\/index.php?rest_route=\/wp\/v2\/types\/page"}],"author":[{"embeddable":true,"href":"https:\/\/www.grathwohl-online.de\/index.php?rest_route=\/wp\/v2\/users\/1"}],"replies":[{"embeddable":true,"href":"https:\/\/www.grathwohl-online.de\/index.php?rest_route=%2Fwp%2Fv2%2Fcomments&post=27"}],"version-history":[{"count":25,"href":"https:\/\/www.grathwohl-online.de\/index.php?rest_route=\/wp\/v2\/pages\/27\/revisions"}],"predecessor-version":[{"id":404,"href":"https:\/\/www.grathwohl-online.de\/index.php?rest_route=\/wp\/v2\/pages\/27\/revisions\/404"}],"up":[{"embeddable":true,"href":"https:\/\/www.grathwohl-online.de\/index.php?rest_route=\/wp\/v2\/pages\/10"}],"wp:attachment":[{"href":"https:\/\/www.grathwohl-online.de\/index.php?rest_route=%2Fwp%2Fv2%2Fmedia&parent=27"}],"curies":[{"name":"wp","href":"https:\/\/api.w.org\/{rel}","templated":true}]}}