{"id":30,"date":"2011-08-26T20:16:10","date_gmt":"2011-08-26T20:16:10","guid":{"rendered":"http:\/\/www.grathwohl-online.de\/musikschule\/?page_id=30"},"modified":"2017-01-28T13:37:58","modified_gmt":"2017-01-28T13:37:58","slug":"illerchoralle","status":"publish","type":"page","link":"https:\/\/www.grathwohl-online.de\/?page_id=30","title":{"rendered":"Illerchoralle"},"content":{"rendered":"<p>Illerchoralle, das ist Chorsingen f\u00fcr alle!<\/p>\n<p>Im Juni 2009 wurde unser gemischter Chor &#8222;Illerchoralle&#8220; gegr\u00fcndet. Daf\u00fcr suchen wir immer weitere <strong>S\u00e4ngerinnen und S\u00e4nger, mit oder ohne Chorerfahrung oder Notenkenntnis<\/strong>, die Freude am Chorsingen in gesellig-gem\u00fctlicher Atmosph\u00e4re haben und abwechslungsreiche Chorlieder unter der erfahrenen Chorleitung von Frau Sigrid Scholz-Grathwohl singen m\u00f6chten.<\/p>\n<p><strong>Schnuppern Sie doch einfach mal rein \u2013 keiner ist zu jung, keiner zu alt!<\/strong><\/p>\n<p>Bei Interesse oder f\u00fcr mehr Informationen\u00a0<a title=\"Kontakt\" href=\"http:\/\/www.grathwohl-online.de\/?page_id=23\">gerne melden<\/a>!<\/p>\n<p>&nbsp;<\/p>\n<hr \/>\n<p><strong>Auftritt der Illerchoralle beim Ulmer Weihnachtsmarkt im ZDF MorgenMagazin vom 12.12.2016<\/strong><\/p>\n<blockquote class=\"twitter-video\" data-lang=\"de\">\n<p dir=\"ltr\" lang=\"de\">Unser <a href=\"https:\/\/twitter.com\/hashtag\/Adventskalender?src=hash\">#Adventskalender<\/a> \u00f6ffnet das 12. T\u00fcrchen. Aktuell liegt die <a href=\"https:\/\/twitter.com\/hashtag\/Schneefallgrenze?src=hash\">#Schneefallgrenze<\/a> bei ca. 800 Metern, in <a href=\"https:\/\/twitter.com\/hashtag\/Ulm?src=hash\">#Ulm<\/a> wird&#8217;s musikalisch wei\u00df: <a href=\"https:\/\/t.co\/ZWFd16OOqA\">pic.twitter.com\/ZWFd16OOqA<\/a><\/p>\n<p>\u2014 ZDF Morgenmagazin (@morgenmagazin) <a href=\"https:\/\/twitter.com\/morgenmagazin\/status\/808347289081311232\">12. Dezember 2016<\/a><\/p><\/blockquote>\n<p><script async src=\"\/\/platform.twitter.com\/widgets.js\" charset=\"utf-8\"><\/script><\/p>\n<p>&nbsp;<\/p>\n","protected":false},"excerpt":{"rendered":"<p>Illerchoralle, das ist Chorsingen f\u00fcr alle! Im Juni 2009 wurde unser gemischter Chor &#8222;Illerchoralle&#8220; gegr\u00fcndet. Daf\u00fcr suchen wir immer weitere S\u00e4ngerinnen und S\u00e4nger, mit oder ohne Chorerfahrung oder Notenkenntnis, die Freude am Chorsingen in gesellig-gem\u00fctlicher Atmosph\u00e4re haben und abwechslungsreiche Chorlieder &hellip; <a href=\"https:\/\/www.grathwohl-online.de\/?page_id=30\">Lesen fortsetzen <span class=\"meta-nav\">&rarr;<\/span><\/a><\/p>\n","protected":false},"author":1,"featured_media":0,"parent":0,"menu_order":3,"comment_status":"closed","ping_status":"closed","template":"","meta":{"om_disable_all_campaigns":false,"_monsterinsights_skip_tracking":false,"_monsterinsights_sitenote_active":false,"_monsterinsights_sitenote_note":"","_monsterinsights_sitenote_category":0,"jetpack_post_was_ever_published":false,"footnotes":""},"class_list":["post-30","page","type-page","status-publish","hentry"],"aioseo_notices":[],"jetpack_sharing_enabled":true,"jetpack_shortlink":"https:\/\/wp.me\/P6bwsC-u","_links":{"self":[{"href":"https:\/\/www.grathwohl-online.de\/index.php?rest_route=\/wp\/v2\/pages\/30","targetHints":{"allow":["GET"]}}],"collection":[{"href":"https:\/\/www.grathwohl-online.de\/index.php?rest_route=\/wp\/v2\/pages"}],"about":[{"href":"https:\/\/www.grathwohl-online.de\/index.php?rest_route=\/wp\/v2\/types\/page"}],"author":[{"embeddable":true,"href":"https:\/\/www.grathwohl-online.de\/index.php?rest_route=\/wp\/v2\/users\/1"}],"replies":[{"embeddable":true,"href":"https:\/\/www.grathwohl-online.de\/index.php?rest_route=%2Fwp%2Fv2%2Fcomments&post=30"}],"version-history":[{"count":10,"href":"https:\/\/www.grathwohl-online.de\/index.php?rest_route=\/wp\/v2\/pages\/30\/revisions"}],"predecessor-version":[{"id":341,"href":"https:\/\/www.grathwohl-online.de\/index.php?rest_route=\/wp\/v2\/pages\/30\/revisions\/341"}],"wp:attachment":[{"href":"https:\/\/www.grathwohl-online.de\/index.php?rest_route=%2Fwp%2Fv2%2Fmedia&parent=30"}],"curies":[{"name":"wp","href":"https:\/\/api.w.org\/{rel}","templated":true}]}}