{"id":79,"date":"2011-08-26T21:41:37","date_gmt":"2011-08-26T21:41:37","guid":{"rendered":"http:\/\/www.grathwohl-online.de\/musikschule\/?page_id=79"},"modified":"2020-01-02T16:26:02","modified_gmt":"2020-01-02T16:26:02","slug":"archiv","status":"publish","type":"page","link":"https:\/\/www.grathwohl-online.de\/?page_id=79","title":{"rendered":"R\u00fcckblick"},"content":{"rendered":"<ul>\n<li><strong>Freitag, 29.11.2019, 18.00 Uhr:<\/strong><br \/>\n<strong>Advents- und Weihnachtssingen<\/strong> der &#8222;Illerchoralle&#8220; am Hauptportal des Ulmer M\u00fcnsters beim Weihnachtsmarkt.<\/li>\n<\/ul>\n<ul>\n<li><strong>Sonntag, 2.6.2019, 18.30 Uhr: Open-Air-Serenadenkonzert auf der<\/strong> <strong>Parkb\u00fchne im Stadtpark in Senden.<\/strong> Mitwirkende: gemischter Chor &#8222;Illerchoralle&#8220;, Leitung: Sigrid Scholz-Grathwohl und das Akkordeonorchester des Wullenstetter Musikvereins Harmonia, Leitung: Astrid Schmidt.<\/li>\n<\/ul>\n<ul>\n<li><strong>Freitag, 7.12.2018, 18.00 Uhr:<\/strong><br \/>\n<strong>Advents- und Weihnachtssingen<\/strong> der &#8222;Illerchoralle&#8220; am Hauptportal des Ulmer M\u00fcnsters beim Weihnachtsmarkt.<\/li>\n<\/ul>\n<ul>\n<li><strong>Sonntag, 10.6.2018, 18.30 Uhr: Serenadenkonzert im B\u00fcrgerhaus der Stadt Senden. <\/strong>Mitwirkende: gemischter Chor &#8222;Illerchoralle&#8220;, Leitung: Sigrid Scholz-Grathwohl; Ulla M\u00fcller, Klavier; 2 Tanzpaare der Tanzsportabteilung des SSV Ulm 1846 e.V. und das Akkordeon-Orchester des Wullenstetter Musikvereins Harmonia, Leitung: Astrid Schmidt.<\/li>\n<\/ul>\n<ul>\n<li><strong>Freitag, 1.12.2017 und Sonntag, 10.12.2017, jeweils um 18.00 Uhr: <\/strong><br \/>\n<strong>Advents- und Weihnachtssingen<\/strong> der &#8222;Illerchoralle&#8220; am Hauptportal des Ulmer M\u00fcnsters beim Weihnachtsmarkt.<\/li>\n<\/ul>\n<ul>\n<li>Mitwirkung der &#8222;Illerchoralle&#8220; bei der <strong>Adventsfeier des VdK Senden am Sonntag, 27.11.2016, um 14.00 Uhr<\/strong> im B\u00fcrgerhaus in Senden.<\/li>\n<\/ul>\n<ul>\n<li><strong>Freitag, 25.11.2016 und Sonntag, 27.11.2016, jeweils um 18.00 Uhr: Advents- und<\/strong> <strong>Weihnachtssingen<\/strong> der &#8222;Illerchoralle&#8220; am Hauptportal des Ulmer M\u00fcnsters beim Weihnachtsmarkt.<br \/>\n<em><span style=\"text-decoration: underline;\"><strong>Herr Benjamin St\u00f6we, Journalist, Sprecher und Moderator beim ZDF-Morgenmagazin \u00e4u\u00dferte den Wunsch, zum Thema &#8222;Schnee&#8220; unseren Auftritt vom 27.11.2016 , 1. Advent, &nbsp;in den MOMA Adventskalender im T\u00fcrchen Nr. 12 aufzunehmen. &#8211; Siehe auch unter <a href=\"http:\/\/www.grathwohl-online.de\/?page_id=27\">Presseberichte <\/a>und <a href=\"http:\/\/www.grathwohl-online.de\/?page_id=30\">Illerchoralle.<\/a> &#8211;<\/strong><\/span><\/em><\/li>\n<\/ul>\n<ul>\n<li><strong>Sonntag, 3. 7. 2016, 18.30 Uhr: Open-Air-Serenadenkonzert der Stadt Senden auf der Parkb\u00fchne im Stadtpark Senden.<\/strong> Mitwirkende: gemischter Chor &#8222;Illerchoralle&#8220;, Leitung: Sigrid Scholz-Grathwohl; Ulla M\u00fcller, Klavier; <span style=\"text-decoration: underline;\">2 Tanzpaare der &#8222;Tanzsportgruppe Blau-Rot&#8220; vom TV Senden-Ay 1911<\/span> <span style=\"text-decoration: underline;\">e.V.<\/span>, und das Akkordeon-Orchester des Wullenstetter Musikvereins Harmonia, Leitung: Astrid Schmidt.<\/li>\n<\/ul>\n<ul>\n<li>Am <strong>Sonntag, 10.4.2016 fand um 16.30 Uhr das <em>&#8222;26. Sch\u00fclervorspiel&#8220;<\/em> <em>der privaten<\/em><\/strong> <strong><em>Musikschule Scholz-Grathwohl<\/em> in der Pauluskirche in Ulm,<\/strong> Frauenstr. 110 &nbsp;statt.<\/li>\n<\/ul>\n<ul>\n<li><strong>Advents- und Weihnachtssingen<\/strong> der &#8222;Illerchoralle&#8220; am Hauptportal des&nbsp;Ulmer M\u00fcnsters beim Weihnachtsmarkt am<strong> Freitag, 27.11.2015 <\/strong>und am&nbsp;<strong>Freitag, 4.12.2015, jeweils um 18.00 Uhr<\/strong>.<\/li>\n<\/ul>\n<ul>\n<li>Am <strong>Sonntag, 28.6.2015 fand um 18.30 Uhr<\/strong> unter Mitwirkung des gemischten Chores &#8222;Illerchoralle&#8220;, Leitung: Sigrid Scholz-Grathwohl; Ulla M\u00fcller, Klavier; Felix Hansen, Trompete; dem Akkordeon-Orchester des Wullenstetter Musikvereins Harmonia, Leitung Astrid Schmidt und einem Weisenbl\u00e4ser-Ensemble ein<strong>&nbsp;Open-Air-Serenadenkonzert<\/strong> auf der neuen <strong>Parkb\u00fchne im Stadtpark in Senden<\/strong> bei bestem Wetter statt.<\/li>\n<\/ul>\n<ul>\n<li>Am <strong>Sonntag, 1.3.2015 fand um 16.00 Uhr<\/strong> in der <strong>Pauluskirche in Ulm<\/strong>, Frauenstr. 110 das&nbsp; <em><strong><span style=\"text-decoration: underline;\">Jubil\u00e4um&nbsp;&#8222;25. Sch\u00fclervorspiel&#8220;&nbsp;der&nbsp;privaten Musikschule Scholz-Grathwohl<\/span><\/strong><\/em>&nbsp;mit Klangsymbolen eines Schuljahres statt.<\/li>\n<\/ul>\n<ul>\n<li>Am&nbsp;<strong>2. Advents-Sonntag, 7.12.2014, fand um 11.15 Uhr<\/strong>&nbsp;eine <strong>Orgel-Matinee<\/strong> mit dem Titel: &#8222;Der arme Spielmann&#8220; &#8211; Adventliche Musik f\u00fcr Orgel und Drehorgel zu Texten von Franz Grillparzer in der evangelischen<strong> Pauluskirche<\/strong> in Ulm, Frauenstr. 110 statt. Ausf\u00fchrende: Hans-Walter Belser, Drehorgel; Sigrid Scholz-Grathwohl, Orgel; Pfarrer Adelbert Schloz-D\u00fcrr, Moderation. Spenden wurden f\u00fcr die renovierte Orgel erbeten.<\/li>\n<\/ul>\n<ul>\n<li><strong>Advents- und Weihnachtssingen<\/strong> der &#8222;Illerchoralle&#8220; am Hauptportal des Ulmer M\u00fcnsters beim Weihnachtsmarkt am&nbsp;<strong>Donnerstag, 27.11.2014 und Freitag, 28.11.2014, jeweils um<\/strong>&nbsp;<strong>19.00 Uhr.<\/strong><\/li>\n<\/ul>\n<ul>\n<li><strong>Sonntag, 27.7.2014, 18.30 Uhr: Serenadenkonzert<\/strong> der Stadt Senden auf der neuen Parkb\u00fchne (leider musste das Konzert aufgrund des Regens in das B\u00fcrgerhaus verlegt werden): Mitwirkende: gemischter Chor &#8222;Illerchoralle&#8220;, Ulla M\u00fcller, Klavier; Felix Hansen, Blockfl\u00f6te und Akkordeonorchester Nersingen unter Leitung von Viktor Lang. Sigrid Scholz-Grathwohl: Gesamtleitung und Klavier. Eintritt frei!<\/li>\n<\/ul>\n<ul>\n<li><strong>Sonntag, 1.6.2014, 11.00&nbsp;Uhr: Open-Air-Konzert<\/strong>&nbsp; im <strong>Glacis-Stadtpark<\/strong> in <strong>Neu-Ulm<\/strong> mit der &#8222;Illerchoralle&#8220; und Ulla M\u00fcller am Klavier zusammen mit dem Akkordeonorchester Nersingen unter Leitung von Viktor Lang.<\/li>\n<\/ul>\n<ul>\n<li><strong>Freitag, 23.5.2014, 19.00 Uhr: Benefizkonzert<\/strong>&nbsp;in der&nbsp;<strong>Pauluskirche Ulm zu Gunsten der Orgel<\/strong>. Mitwirkende: gemischter Chor &#8222;Illerchoralle&#8220;, Dieter Enemoser, Violine; Nico G\u00f6lz, Keyboard; Monika Guhl, Gesang; Felix Hansen und Lilly Mayer, Blockfl\u00f6ten; Michael Mayer, Klavier und Sigrid Scholz-Grathwohl: Klavier, Orgel und Gesamtleitung.<\/li>\n<\/ul>\n<ul>\n<li>Am <strong>Sonntag, 30.3.2014, 15.30 Uhr<\/strong> fand das <span style=\"text-decoration: underline;\"><em><strong>24. Sch\u00fclervorspiel<\/strong><\/em><\/span>&nbsp;mit Klangsymbolen zum <strong><span style=\"text-decoration: underline;\"><em>Jubil\u00e4um &#8222;25 Jahre &nbsp;private Musikschule Scholz-<\/em><em>Grathwohl&#8220;<\/em><\/span><\/strong>&nbsp;in der Ulrichstube\/Mehrzweckhalle in Gerlenhofen statt.<\/li>\n<\/ul>\n<ul>\n<li>Am&nbsp;<strong>Sonntag, 9.3.2014, um 14.30 Uhr<\/strong>&nbsp;gab die &#8222;Illerchoralle&#8220; zusammen mit weiteren Ch\u00f6ren und Solisten der St\u00e4dt. Musikschule Senden ein Konzert unter dem Motto &#8222;Trau Dich &#8211; Sing Mit&#8220; &nbsp;im B\u00fcrgerhaus in Senden.<\/li>\n<\/ul>\n<ul>\n<li><strong>Advents- und Weihnachtssingen<\/strong> der &#8222;Illerchoralle&#8220; beim Ulmer Weihnachtsmarkt am Hauptportal des Ulmer M\u00fcnsters am <strong>Donnerstag, 28.11.2013 und<\/strong> <strong><strong><strong><strong>Donnerstag, 5.12.2013, jeweils um 20.00 Uhr.&nbsp;<\/strong><\/strong><\/strong><\/strong><\/li>\n<\/ul>\n<ul>\n<li>Am<strong>&nbsp;Sonntag, 7. Juli 2013, um 18.30 Uhr&nbsp;<\/strong>trat der gem. Chor Illerchoralle zusammen mit dem Akkordeonorchester des Musikvereins Harmonia Wullenstetten, Leitung: Astrid Schmidt &#8211; im Rahmen der<strong> Serenadenkonzert<\/strong>reihe der Stadt Senden im&nbsp;<strong>B\u00fcrgerhaus Senden<\/strong>&nbsp;&#8211; auf.&nbsp;Weitere Mitwirkende: Ulla M\u00fcller, Klavier; Marcel M\u00fcller, Gitarre; Gesamtleitung: Sigrid Scholz-Grathwohl.&nbsp;Eintritt frei!<\/li>\n<\/ul>\n<ul>\n<li><span style=\"font-size: 16px; line-height: 18px;\">Am <strong>Sonntag, 3. M\u00e4rz 2013, um 15.30 Uhr<\/strong> fand <\/span>das<em><strong style=\"font-size: 16px; line-height: 18px;\"> 23. Sch\u00fclervorspiel<\/strong><\/em><span style=\"font-size: 16px; line-height: 18px;\"> im Paul-Gerhardt-Gemeindehaus in Senden statt.<\/span><\/li>\n<\/ul>\n<ul>\n<li><span style=\"font-size: 16px; line-height: 18px;\">Die Illerchoralle trat am&nbsp;<\/span><strong style=\"font-size: 16px; line-height: 18px;\">Sonntag, dem 21.10.2012, um 17.00 Uhr im B\u00fcrgerhaus in Senden<\/strong><span style=\"font-size: 16px; line-height: 18px;\">&nbsp;beim Chorkonzert zusammen mit der Chorgemeinschaft Concordia Senden\/Ay e.V. und Solisten der st\u00e4dtischen Musikschule Senden unter dem Motto &#8222;Trau Dich &#8211; Sing Mit&#8220; auf.<\/span><\/li>\n<\/ul>\n<ul>\n<li><strong>Advents- und Weihnachtssingen<\/strong> der Illerchoralle am&nbsp;<strong>Donnerstag, 6.12.2012, um 18.30 Uhr am Hauptportal des Ulmer M\u00fcnsters beim Ulmer Weihnachtsmarkt.<\/strong><\/li>\n<\/ul>\n<ul>\n<li>Die Illerchoralle konzertierte bei freiem Eintritt&nbsp;am<strong>&nbsp;Sonntag, dem 10. Juni 2012, um 18.30 Uhr im B\u00fcrgerhaus in Senden<\/strong>.Weitere Mitwirkende: Dieter Enemoser, Violine; Christian Gerst, Trompete; Tim Lucas, Sopran; Ulla M\u00fcller, Klavier; Sigrid Scholz-Grathwohl, Gesamtleitung und Klavier.<\/li>\n<\/ul>\n<ul>\n<li>Am&nbsp;<strong>Pfingst-Sonntag, 27. Mai 2012, um 11.00 Uhr <\/strong>gab&nbsp;die Illerchoralle ein&nbsp;<strong>Open-Air-Konzert im Stadtpark Glacis in Neu-Ulm, Veranstaltungsinsel <\/strong>zusammen mit &#8222;Alfreds Musikanten&#8220;.<\/li>\n<\/ul>\n<ul>\n<li>Am <strong>Sonntag, dem 11. M\u00e4rz 2012<\/strong> &nbsp;fand um 15.30 Uhr das <strong>22. Sch\u00fclervorspiel <\/strong>im Paul-Gerhardt-Gemeindehaus in Senden statt.<\/li>\n<\/ul>\n<ul>\n<li>Die Illerchoralle sang am <strong>26. Dezember 2011, um 10.00 Uhr im Gotttesdienst in der ev. Auferstehungskirche in Senden, Kirchplatz 1.<\/strong> Es wirkten au\u00dferdem mit:&nbsp; Anna-Maria B\u00e4r und Saskia Schanzel, Fl\u00f6ten; Tim Lucas, Sopran; Sigrid Scholz-Grathwohl, Orgel und Fl\u00f6te.<\/li>\n<\/ul>\n<ul>\n<li>Die Illerchoralle sang am <strong><strong><strong><strong>Mittwoch, dem 7. Dezember 2011, um 18.30 Uhr beim B\u00fcrgerhaus in Senden auf dem Sendener Weihnachtsmarkt.<\/strong><\/strong><\/strong><\/strong><\/li>\n<\/ul>\n<ul>\n<li><strong>Advents- und Weihnachtssingen<\/strong> der &#8222;Illerchoralle&#8220; am&nbsp;<strong><strong><strong><strong><strong><strong><strong>Donnerstag, dem 24. November 2011, um 18.30 Uhr am M\u00fcnsterportal auf dem Ulmer Weihnachtsmarkt.<\/strong><\/strong><\/strong><\/strong><\/strong><\/strong><\/strong><\/li>\n<\/ul>\n<ul>\n<li>Die Illerchoralle konzertierte am&nbsp;<strong>19. Juni 2011 um 11 Uhr im Glacis-Park Neu-Ulm&nbsp;<\/strong>zusammen mit den Dorfmusikanten Aufheim.<\/li>\n<\/ul>\n<ul>\n<li>Am&nbsp;<strong>Sonntag, den 22. Mai 2011 um 15.30 Uhr<\/strong>, fand das <strong>21. Sch\u00fclervorspiel<\/strong> im&nbsp;<strong>Paul-Gerhardt-Gemeindehaus<\/strong>&nbsp;in Senden statt.<\/li>\n<\/ul>\n<ul>\n<li>Am<strong>&nbsp;Sonntag, den 26. Dezember 2010<\/strong>, 2. Weihnachtsfeiertag, fand um&nbsp;<strong>17.00 Uhr<\/strong>&nbsp;ein Weihnachtskonzert in der&nbsp;<strong>ev. Auferstehungskirche in Senden&nbsp;<\/strong>mit Chor- und Instrumentalwerken statt.Mitwirkende: Kuno H\u00f6gerle, Trompete; Ulla M\u00fcller, Klavier; Anna-Maria B\u00e4r und Saskia Schanzel, Blockfl\u00f6ten; Tim Lucas, Sopran; gemischter Chor &#8220; Illerchoralle&#8220;, Leitung: Sigrid Scholz-Grathwohl, Gesamtleitung, Orgel und Klavier: Sigrid Scholz-Grathwohl.<\/li>\n<\/ul>\n<ul>\n<li><strong>Advents- und Weihnachtssingen<\/strong> der &#8222;Illerchoralle&#8220; am&nbsp;<strong>Sonntag, den 5. Dezember 2010 um 18.30 Uhr <\/strong>auf dem&nbsp;<strong>Sendener Weihnachtsmarkt<\/strong>.<\/li>\n<\/ul>\n<ul>\n<li><strong>Advents- und Weihnachtssingen<\/strong> der &#8222;Illerchoralle&#8220; am&nbsp;<strong>Samstag, den 4. Dezember 2010 um 14.45 Uhr<\/strong>&nbsp;im<strong>&nbsp;B\u00fcrgerhaus in Senden&nbsp;<\/strong>&nbsp;zur Adventsfeier der Senioren.<\/li>\n<\/ul>\n<ul>\n<li>Am&nbsp;<strong>Sonntag, 11.07.2010, um 15.30 Uhr&nbsp;<\/strong>fand das&nbsp;<strong>20. Sch\u00fclervorspiel&nbsp;<\/strong>im&nbsp;<strong>Paul-Gerhardt-Gemeindehaus in Senden<\/strong>&nbsp;mit Klangsymbolen eines (Schul-)Jahres statt.<\/li>\n<\/ul>\n<ul>\n<li>Am&nbsp;<strong>Sonntag, 15.11.2009, um 15.00 Uhr&nbsp;<\/strong>fand das&nbsp;<strong>19. Sch\u00fclervorspiel&nbsp;<\/strong>im&nbsp;<strong>Paul-Gerhardt-Gemeindehaus in Senden&nbsp;<\/strong>mit Klangsymbolen zum <span style=\"text-decoration: underline;\"><em><strong>20-j\u00e4hrigen Bestehen der Musikschule Scholz-Grathwohl<\/strong><\/em><\/span> statt.<\/li>\n<\/ul>\n<ul>\n<li>Im Oktober 2009 feierte die Musikschule Scholz-Grathwohl ihr <strong>&nbsp;<em>20j\u00e4hriges<\/em>&nbsp;Jubil\u00e4um<\/strong>.<\/li>\n<\/ul>\n<ul>\n<li>Im Juni 2009 fand die Gr\u00fcndung des gemischten Chors &#8222;<strong>Illerchoralle<\/strong>&#8220; mit Sigrid Scholz-Grathwohl als Chorleiterin statt.&nbsp;<a title=\"Illerchoralle\" href=\"http:\/\/www.grathwohl-online.de\/?page_id=30\">N\u00e4here Informationen finden sie hier<\/a>.<\/li>\n<\/ul>\n","protected":false},"excerpt":{"rendered":"<p>Freitag, 29.11.2019, 18.00 Uhr: Advents- und Weihnachtssingen der &#8222;Illerchoralle&#8220; am Hauptportal des Ulmer M\u00fcnsters beim Weihnachtsmarkt. Sonntag, 2.6.2019, 18.30 Uhr: Open-Air-Serenadenkonzert auf der Parkb\u00fchne im Stadtpark in Senden. Mitwirkende: gemischter Chor &#8222;Illerchoralle&#8220;, Leitung: Sigrid Scholz-Grathwohl und das Akkordeonorchester des Wullenstetter &hellip; <a href=\"https:\/\/www.grathwohl-online.de\/?page_id=79\">Lesen fortsetzen <span class=\"meta-nav\">&rarr;<\/span><\/a><\/p>\n","protected":false},"author":1,"featured_media":0,"parent":36,"menu_order":0,"comment_status":"closed","ping_status":"closed","template":"","meta":{"om_disable_all_campaigns":false,"_monsterinsights_skip_tracking":false,"_monsterinsights_sitenote_active":false,"_monsterinsights_sitenote_note":"","_monsterinsights_sitenote_category":0,"jetpack_post_was_ever_published":false,"footnotes":""},"class_list":["post-79","page","type-page","status-publish","hentry"],"aioseo_notices":[],"jetpack_sharing_enabled":true,"jetpack_shortlink":"https:\/\/wp.me\/P6bwsC-1h","_links":{"self":[{"href":"https:\/\/www.grathwohl-online.de\/index.php?rest_route=\/wp\/v2\/pages\/79","targetHints":{"allow":["GET"]}}],"collection":[{"href":"https:\/\/www.grathwohl-online.de\/index.php?rest_route=\/wp\/v2\/pages"}],"about":[{"href":"https:\/\/www.grathwohl-online.de\/index.php?rest_route=\/wp\/v2\/types\/page"}],"author":[{"embeddable":true,"href":"https:\/\/www.grathwohl-online.de\/index.php?rest_route=\/wp\/v2\/users\/1"}],"replies":[{"embeddable":true,"href":"https:\/\/www.grathwohl-online.de\/index.php?rest_route=%2Fwp%2Fv2%2Fcomments&post=79"}],"version-history":[{"count":79,"href":"https:\/\/www.grathwohl-online.de\/index.php?rest_route=\/wp\/v2\/pages\/79\/revisions"}],"predecessor-version":[{"id":399,"href":"https:\/\/www.grathwohl-online.de\/index.php?rest_route=\/wp\/v2\/pages\/79\/revisions\/399"}],"up":[{"embeddable":true,"href":"https:\/\/www.grathwohl-online.de\/index.php?rest_route=\/wp\/v2\/pages\/36"}],"wp:attachment":[{"href":"https:\/\/www.grathwohl-online.de\/index.php?rest_route=%2Fwp%2Fv2%2Fmedia&parent=79"}],"curies":[{"name":"wp","href":"https:\/\/api.w.org\/{rel}","templated":true}]}}