{"id":82,"date":"2011-08-26T21:42:39","date_gmt":"2011-08-26T21:42:39","guid":{"rendered":"http:\/\/www.grathwohl-online.de\/musikschule\/?page_id=82"},"modified":"2012-01-19T12:25:33","modified_gmt":"2012-01-19T12:25:33","slug":"schulerkommentare","status":"publish","type":"page","link":"https:\/\/www.grathwohl-online.de\/?page_id=82","title":{"rendered":"Sch\u00fclerkommentare"},"content":{"rendered":"<p>Im Folgenden k\u00f6nnen Sie selbst geschriebene Kommentare von meinen Sch\u00fclern bzw. deren Erziehungsberechtigten zu meinem Unterricht nachlesen, um sich von der Qualit\u00e4t meines Unterrichts vorab ein Bild machen zu k\u00f6nnen.<\/p>\n","protected":false},"excerpt":{"rendered":"<p>Im Folgenden k\u00f6nnen Sie selbst geschriebene Kommentare von meinen Sch\u00fclern bzw. deren Erziehungsberechtigten zu meinem Unterricht nachlesen, um sich von der Qualit\u00e4t meines Unterrichts vorab ein Bild machen zu k\u00f6nnen.<\/p>\n","protected":false},"author":1,"featured_media":0,"parent":13,"menu_order":0,"comment_status":"open","ping_status":"open","template":"","meta":{"om_disable_all_campaigns":false,"_monsterinsights_skip_tracking":false,"_monsterinsights_sitenote_active":false,"_monsterinsights_sitenote_note":"","_monsterinsights_sitenote_category":0,"jetpack_post_was_ever_published":false,"footnotes":""},"class_list":["post-82","page","type-page","status-publish","hentry"],"aioseo_notices":[],"jetpack_sharing_enabled":true,"jetpack_shortlink":"https:\/\/wp.me\/P6bwsC-1k","_links":{"self":[{"href":"https:\/\/www.grathwohl-online.de\/index.php?rest_route=\/wp\/v2\/pages\/82","targetHints":{"allow":["GET"]}}],"collection":[{"href":"https:\/\/www.grathwohl-online.de\/index.php?rest_route=\/wp\/v2\/pages"}],"about":[{"href":"https:\/\/www.grathwohl-online.de\/index.php?rest_route=\/wp\/v2\/types\/page"}],"author":[{"embeddable":true,"href":"https:\/\/www.grathwohl-online.de\/index.php?rest_route=\/wp\/v2\/users\/1"}],"replies":[{"embeddable":true,"href":"https:\/\/www.grathwohl-online.de\/index.php?rest_route=%2Fwp%2Fv2%2Fcomments&post=82"}],"version-history":[{"count":7,"href":"https:\/\/www.grathwohl-online.de\/index.php?rest_route=\/wp\/v2\/pages\/82\/revisions"}],"predecessor-version":[{"id":410,"href":"https:\/\/www.grathwohl-online.de\/index.php?rest_route=\/wp\/v2\/pages\/82\/revisions\/410"}],"up":[{"embeddable":true,"href":"https:\/\/www.grathwohl-online.de\/index.php?rest_route=\/wp\/v2\/pages\/13"}],"wp:attachment":[{"href":"https:\/\/www.grathwohl-online.de\/index.php?rest_route=%2Fwp%2Fv2%2Fmedia&parent=82"}],"curies":[{"name":"wp","href":"https:\/\/api.w.org\/{rel}","templated":true}]}}